{"id":6921,"date":"2025-02-22T10:25:48","date_gmt":"2025-02-22T10:25:48","guid":{"rendered":"https:\/\/www.mursan.com.tr\/contact-us\/"},"modified":"2025-02-22T10:25:48","modified_gmt":"2025-02-22T10:25:48","slug":"contact-us","status":"publish","type":"page","link":"https:\/\/www.mursan.com.tr\/en\/contact-us\/","title":{"rendered":"Contact Us"},"content":{"rendered":"<div class=\"wpb-content-wrapper\"><p>[vc_row full_width=&#8221;stretch_row_content&#8221; parallax=&#8221;content-moving&#8221; stm_fullwidth=&#8221;yes&#8221; css=&#8221;.vc_custom_1716824369604{margin-bottom: 0px !important;padding-top: 311px !important;background-image: url(https:\/\/www.mursan.com.tr\/wp-content\/uploads\/2015\/11\/iletisim-featured-image.jpg?id=4908) !important;}&#8221;][vc_column][\/vc_column][\/vc_row][vc_row css=&#8221;.vc_custom_1716824433386{margin-top: -200px !important;}&#8221;][vc_column css=&#8221;.vc_custom_1716837921151{margin-bottom: 40px !important;background-color: #ffffff !important;}&#8221; offset=&#8221;vc_col-lg-4 vc_col-md-12&#8243;][stm_icon_box title_holder=&#8221;h4&#8243; icon=&#8221;stm-icon-pin&#8221; box_bg_color=&#8221;rgba(255,255,255,0.01)&#8221; box_text_color=&#8221;#232628&#8243; icon_size=&#8221;31&#8243; title=&#8221;Address&#8221; css=&#8221;.vc_custom_1716837523186{margin-top: 0px !important;margin-bottom: 28px !important;padding-top: 0px !important;padding-right: 5px !important;padding-bottom: 0px !important;padding-left: 5px !important;}&#8221; line_height=&#8221;18&#8243; css_icon=&#8221;.vc_custom_1716837523185{margin-top: 2px !important;margin-right: 23px !important;margin-left: 10px !important;}&#8221;]<span style=\"color: #808080;\">Deri \u0130htisas ve Karma Organize Sanayi B\u00f6lgesi 6. Sok No:28 Bad\u0131rga\/Nil\u00fcfer\/Bursa\/T\u00fcrkiye <\/span>[\/stm_icon_box][stm_icon_box title_holder=&#8221;h4&#8243; icon=&#8221;stm-icon-phone&#8221; box_bg_color=&#8221;rgba(255,255,255,0.01)&#8221; box_text_color=&#8221;#232628&#8243; icon_size=&#8221;31&#8243; title=&#8221;Phone&#8221; css=&#8221;.vc_custom_1716837110552{margin-bottom: 27px !important;padding-top: 0px !important;padding-right: 5px !important;padding-bottom: 0px !important;padding-left: 5px !important;}&#8221; line_height=&#8221;18&#8243; css_icon=&#8221;.vc_custom_1716837110551{margin-top: 2px !important;margin-right: 23px !important;margin-left: 10px !important;}&#8221;]<span style=\"color: #808080;\">+90 (224) 248 81 20<\/span><br \/>\n<span style=\"color: #808080;\">+90 (224) 248 85 61<\/span><br \/>\n<span style=\"color: #808080;\">+90 (224) 248 69 04<\/span>[\/stm_icon_box][stm_icon_box title_holder=&#8221;h4&#8243; icon=&#8221;fas fa-at&#8221; box_bg_color=&#8221;rgba(255,255,255,0.01)&#8221; box_text_color=&#8221;#232628&#8243; icon_size=&#8221;31&#8243; title=&#8221;Email&#8221; css=&#8221;.vc_custom_1716837153356{padding-top: 0px !important;padding-right: 5px !important;padding-bottom: 0px !important;padding-left: 5px !important;}&#8221; line_height=&#8221;18&#8243; css_icon=&#8221;.vc_custom_1716837153354{margin-top: 2px !important;margin-right: 23px !important;margin-left: 10px !important;}&#8221;]mursan@mursan.com.tr[\/stm_icon_box][\/vc_column][vc_column css=&#8221;.vc_custom_1448867270861{margin-bottom: 25px !important;}&#8221; offset=&#8221;vc_col-lg-8 vc_col-md-12&#8243;][vc_gmaps link=&#8221;#E-8_JTBBJTIwJTIwJTIwJTIwJTIwJTIwJTIwJTIwJTIwJTIwJTNDaWZyYW1lJTIwc3JjJTNEJTIyaHR0cHMlM0ElMkYlMkZ3d3cuZ29vZ2xlLmNvbSUyRm1hcHMlMkZlbWJlZCUzRnBiJTNEJTIxMW0xNCUyMTFtOCUyMTFtMyUyMTFkMTIxNzkuODY5NzQ1NTY3NjE0JTIxMmQyOS4wMTgwMDMlMjEzZDQwLjI1NDI1NSUyMTNtMiUyMTFpMTAyNCUyMTJpNzY4JTIxNGYxMy4xJTIxM20zJTIxMW0yJTIxMXMweDAlMjUzQTB4ZjA5ODRiMWVhNGRiMzY3YiUyMTJzTXVyc2FuJTJCTHRkLiUyQiUyNUM1JTI1OUV0aS4lMjE1ZTAlMjEzbTIlMjExc3RyJTIxMnN0ciUyMTR2MTQ4NTIwNzQyMDc5OSUyMiUyMHdpZHRoJTNEJTIyNjAwJTIyJTIwaGVpZ2h0JTNEJTIyNDUwJTIyJTIwZnJhbWVib3JkZXIlM0QlMjIwJTIyJTIwc3R5bGUlM0QlMjJib3JkZXIlM0EwJTIyJTIwYWxsb3dmdWxsc2NyZWVuJTNEJTIyJTIyJTNFJTNDJTJGaWZyYW1lJTNFJTBBJTIwJTIwJTIwJTIwJTIwJTIwJTIwJTIw&#8221; size=&#8221;373PX&#8221;][\/vc_column][\/vc_row][vc_row css=&#8221;.vc_custom_1447829274492{margin-top: -177px !important;margin-bottom: 64px !important;}&#8221;][vc_column][stm_contact_form form=&#8221;717&#8243; title=&#8221;Contact-Us&#8221; css=&#8221;.vc_custom_1716838031859{padding-bottom: 28px !important;}&#8221;][\/vc_column][\/vc_row]<\/p>\n<\/div>","protected":false},"excerpt":{"rendered":"<p>[vc_row full_width=&#8221;stretch_row_content&#8221; parallax=&#8221;content-moving&#8221; stm_fullwidth=&#8221;yes&#8221; css=&#8221;.vc_custom_1716824369604{margin-bottom: 0px !important;padding-top: 311px !important;background-image: url(https:\/\/www.mursan.com.tr\/wp-content\/uploads\/2015\/11\/iletisim-featured-image.jpg?id=4908) !important;}&#8221;][vc_column][\/vc_column][\/vc_row][vc_row css=&#8221;.vc_custom_1716824433386{margin-top: -200px !important;}&#8221;][vc_column css=&#8221;.vc_custom_1716837921151{margin-bottom: 40px !important;background-color: #ffffff !important;}&#8221; offset=&#8221;vc_col-lg-4 vc_col-md-12&#8243;][stm_icon_box title_holder=&#8221;h4&#8243; icon=&#8221;stm-icon-pin&#8221; box_bg_color=&#8221;rgba(255,255,255,0.01)&#8221; box_text_color=&#8221;#232628&#8243; icon_size=&#8221;31&#8243; title=&#8221;Address&#8221; css=&#8221;.vc_custom_1716837523186{margin-top: 0px !important;margin-bottom: 28px !important;padding-top: 0px !important;padding-right: 5px !important;padding-bottom: 0px !important;padding-left: 5px !important;}&#8221; line_height=&#8221;18&#8243; css_icon=&#8221;.vc_custom_1716837523185{margin-top: 2px !important;margin-right: 23px !important;margin-left: 10px !important;}&#8221;]Deri \u0130htisas ve Karma Organize Sanayi B\u00f6lgesi 6&#8230;.<\/p>\n","protected":false},"author":1,"featured_media":0,"parent":0,"menu_order":0,"comment_status":"closed","ping_status":"closed","template":"","meta":{"footnotes":""},"class_list":["post-6921","page","type-page","status-publish","hentry"],"_links":{"self":[{"href":"https:\/\/www.mursan.com.tr\/en\/wp-json\/wp\/v2\/pages\/6921","targetHints":{"allow":["GET"]}}],"collection":[{"href":"https:\/\/www.mursan.com.tr\/en\/wp-json\/wp\/v2\/pages"}],"about":[{"href":"https:\/\/www.mursan.com.tr\/en\/wp-json\/wp\/v2\/types\/page"}],"author":[{"embeddable":true,"href":"https:\/\/www.mursan.com.tr\/en\/wp-json\/wp\/v2\/users\/1"}],"replies":[{"embeddable":true,"href":"https:\/\/www.mursan.com.tr\/en\/wp-json\/wp\/v2\/comments?post=6921"}],"version-history":[{"count":2,"href":"https:\/\/www.mursan.com.tr\/en\/wp-json\/wp\/v2\/pages\/6921\/revisions"}],"predecessor-version":[{"id":6923,"href":"https:\/\/www.mursan.com.tr\/en\/wp-json\/wp\/v2\/pages\/6921\/revisions\/6923"}],"wp:attachment":[{"href":"https:\/\/www.mursan.com.tr\/en\/wp-json\/wp\/v2\/media?parent=6921"}],"curies":[{"name":"wp","href":"https:\/\/api.w.org\/{rel}","templated":true}]}}